{"id":4416,"date":"2022-11-03T17:53:54","date_gmt":"2022-11-03T17:53:54","guid":{"rendered":"https:\/\/ecofinishcoatings.com\/polifibra\/"},"modified":"2025-11-03T15:35:28","modified_gmt":"2025-11-03T15:35:28","slug":"polyfibro","status":"publish","type":"page","link":"https:\/\/ecofinishcoatings.com\/es\/polyfibro\/","title":{"rendered":"polyFIBRO"},"content":{"rendered":"<div id=\"cs-content\" class=\"cs-content\"><\/div>\n","protected":false},"excerpt":{"rendered":"<p>polyFIBRO polyFIBRO\u00ae es un revestimiento acu\u00e1tico cient\u00edficamente formulado recubrimiento acu\u00e1tico concebido para resolver los problemas de los acabados tradicionales de gel-coat. El revestimiento de termopol\u00edmero es duradero y no se desconcha, descascarilla ni agrieta como los acabados tradicionales de gel-coat y pintura. Adem\u00e1s, la variedad de colores y los colores personalizados tienen un aspecto de gama m\u00e1s alta y son &#8230; <\/p>\n<div><a href=\"https:\/\/ecofinishcoatings.com\/es\/polyfibro\/\" class=\"more-link\">Read More<\/a><\/div>\n","protected":false},"author":7,"featured_media":0,"parent":0,"menu_order":0,"comment_status":"closed","ping_status":"closed","template":"template-blank-4.php","meta":{"om_disable_all_campaigns":false,"_monsterinsights_skip_tracking":false,"_monsterinsights_sitenote_active":false,"_monsterinsights_sitenote_note":"","_monsterinsights_sitenote_category":0,"_uf_show_specific_survey":0,"_uf_disable_surveys":false,"footnotes":""},"class_list":["post-4416","page","type-page","status-publish","hentry","no-post-thumbnail"],"yoast_head":"<!-- This site is optimized with the Yoast SEO plugin v27.4 - https:\/\/yoast.com\/product\/yoast-seo-wordpress\/ -->\n<title>polyFIBRO: Revestimiento de Fibra de Vidrio para Piscinas<\/title>\n<meta name=\"description\" content=\"Inf\u00f3rmate sobre polyFIBRO: un revestimiento acu\u00e1tico flexible y f\u00e1cil de reparar. Transforma tu piscina en un oasis de alta gama y bajo mantenimiento.\" \/>\n<meta name=\"robots\" content=\"index, follow, max-snippet:-1, max-image-preview:large, max-video-preview:-1\" \/>\n<link rel=\"canonical\" href=\"https:\/\/ecofinishcoatings.com\/es\/polyfibro\/\" \/>\n<meta property=\"og:locale\" content=\"es_ES\" \/>\n<meta property=\"og:type\" content=\"article\" \/>\n<meta property=\"og:title\" content=\"polyFIBRO: Revestimiento de Fibra de Vidrio para Piscinas\" \/>\n<meta property=\"og:description\" content=\"Inf\u00f3rmate sobre polyFIBRO: un revestimiento acu\u00e1tico flexible y f\u00e1cil de reparar. Transforma tu piscina en un oasis de alta gama y bajo mantenimiento.\" \/>\n<meta property=\"og:url\" content=\"https:\/\/ecofinishcoatings.com\/es\/polyfibro\/\" \/>\n<meta property=\"og:site_name\" content=\"ecoFINISH Coatings\" \/>\n<meta property=\"article:modified_time\" content=\"2025-11-03T15:35:28+00:00\" \/>\n<meta name=\"twitter:card\" content=\"summary_large_image\" \/>\n<meta name=\"twitter:label1\" content=\"Tiempo de lectura\" \/>\n\t<meta name=\"twitter:data1\" content=\"10 minutos\" \/>\n<script type=\"application\/ld+json\" class=\"yoast-schema-graph\">{\"@context\":\"https:\\\/\\\/schema.org\",\"@graph\":[{\"@type\":\"WebPage\",\"@id\":\"https:\\\/\\\/ecofinishcoatings.com\\\/es\\\/polyfibro\\\/\",\"url\":\"https:\\\/\\\/ecofinishcoatings.com\\\/es\\\/polyfibro\\\/\",\"name\":\"polyFIBRO: Revestimiento de Fibra de Vidrio para Piscinas\",\"isPartOf\":{\"@id\":\"https:\\\/\\\/ecofinishcoatings.com\\\/es\\\/#website\"},\"datePublished\":\"2022-11-03T17:53:54+00:00\",\"dateModified\":\"2025-11-03T15:35:28+00:00\",\"description\":\"Inf\u00f3rmate sobre polyFIBRO: un revestimiento acu\u00e1tico flexible y f\u00e1cil de reparar. Transforma tu piscina en un oasis de alta gama y bajo mantenimiento.\",\"breadcrumb\":{\"@id\":\"https:\\\/\\\/ecofinishcoatings.com\\\/es\\\/polyfibro\\\/#breadcrumb\"},\"inLanguage\":\"es\",\"potentialAction\":[{\"@type\":\"ReadAction\",\"target\":[\"https:\\\/\\\/ecofinishcoatings.com\\\/es\\\/polyfibro\\\/\"]}]},{\"@type\":\"BreadcrumbList\",\"@id\":\"https:\\\/\\\/ecofinishcoatings.com\\\/es\\\/polyfibro\\\/#breadcrumb\",\"itemListElement\":[{\"@type\":\"ListItem\",\"position\":1,\"name\":\"Home\",\"item\":\"https:\\\/\\\/ecofinishcoatings.com\\\/es\\\/inicio\\\/\"},{\"@type\":\"ListItem\",\"position\":2,\"name\":\"polyFIBRO\"}]},{\"@type\":\"WebSite\",\"@id\":\"https:\\\/\\\/ecofinishcoatings.com\\\/es\\\/#website\",\"url\":\"https:\\\/\\\/ecofinishcoatings.com\\\/es\\\/\",\"name\":\"ecoFINISH Coatings\",\"description\":\"a new era of coatings\",\"potentialAction\":[{\"@type\":\"SearchAction\",\"target\":{\"@type\":\"EntryPoint\",\"urlTemplate\":\"https:\\\/\\\/ecofinishcoatings.com\\\/es\\\/?s={search_term_string}\"},\"query-input\":{\"@type\":\"PropertyValueSpecification\",\"valueRequired\":true,\"valueName\":\"search_term_string\"}}],\"inLanguage\":\"es\"}]}<\/script>\n<!-- \/ Yoast SEO plugin. -->","yoast_head_json":{"title":"polyFIBRO: Revestimiento de Fibra de Vidrio para Piscinas","description":"Inf\u00f3rmate sobre polyFIBRO: un revestimiento acu\u00e1tico flexible y f\u00e1cil de reparar. Transforma tu piscina en un oasis de alta gama y bajo mantenimiento.","robots":{"index":"index","follow":"follow","max-snippet":"max-snippet:-1","max-image-preview":"max-image-preview:large","max-video-preview":"max-video-preview:-1"},"canonical":"https:\/\/ecofinishcoatings.com\/es\/polyfibro\/","og_locale":"es_ES","og_type":"article","og_title":"polyFIBRO: Revestimiento de Fibra de Vidrio para Piscinas","og_description":"Inf\u00f3rmate sobre polyFIBRO: un revestimiento acu\u00e1tico flexible y f\u00e1cil de reparar. Transforma tu piscina en un oasis de alta gama y bajo mantenimiento.","og_url":"https:\/\/ecofinishcoatings.com\/es\/polyfibro\/","og_site_name":"ecoFINISH Coatings","article_modified_time":"2025-11-03T15:35:28+00:00","twitter_card":"summary_large_image","twitter_misc":{"Tiempo de lectura":"10 minutos"},"schema":{"@context":"https:\/\/schema.org","@graph":[{"@type":"WebPage","@id":"https:\/\/ecofinishcoatings.com\/es\/polyfibro\/","url":"https:\/\/ecofinishcoatings.com\/es\/polyfibro\/","name":"polyFIBRO: Revestimiento de Fibra de Vidrio para Piscinas","isPartOf":{"@id":"https:\/\/ecofinishcoatings.com\/es\/#website"},"datePublished":"2022-11-03T17:53:54+00:00","dateModified":"2025-11-03T15:35:28+00:00","description":"Inf\u00f3rmate sobre polyFIBRO: un revestimiento acu\u00e1tico flexible y f\u00e1cil de reparar. Transforma tu piscina en un oasis de alta gama y bajo mantenimiento.","breadcrumb":{"@id":"https:\/\/ecofinishcoatings.com\/es\/polyfibro\/#breadcrumb"},"inLanguage":"es","potentialAction":[{"@type":"ReadAction","target":["https:\/\/ecofinishcoatings.com\/es\/polyfibro\/"]}]},{"@type":"BreadcrumbList","@id":"https:\/\/ecofinishcoatings.com\/es\/polyfibro\/#breadcrumb","itemListElement":[{"@type":"ListItem","position":1,"name":"Home","item":"https:\/\/ecofinishcoatings.com\/es\/inicio\/"},{"@type":"ListItem","position":2,"name":"polyFIBRO"}]},{"@type":"WebSite","@id":"https:\/\/ecofinishcoatings.com\/es\/#website","url":"https:\/\/ecofinishcoatings.com\/es\/","name":"ecoFINISH Coatings","description":"a new era of coatings","potentialAction":[{"@type":"SearchAction","target":{"@type":"EntryPoint","urlTemplate":"https:\/\/ecofinishcoatings.com\/es\/?s={search_term_string}"},"query-input":{"@type":"PropertyValueSpecification","valueRequired":true,"valueName":"search_term_string"}}],"inLanguage":"es"}]}},"_links":{"self":[{"href":"https:\/\/ecofinishcoatings.com\/es\/wp-json\/wp\/v2\/pages\/4416","targetHints":{"allow":["GET"]}}],"collection":[{"href":"https:\/\/ecofinishcoatings.com\/es\/wp-json\/wp\/v2\/pages"}],"about":[{"href":"https:\/\/ecofinishcoatings.com\/es\/wp-json\/wp\/v2\/types\/page"}],"author":[{"embeddable":true,"href":"https:\/\/ecofinishcoatings.com\/es\/wp-json\/wp\/v2\/users\/7"}],"replies":[{"embeddable":true,"href":"https:\/\/ecofinishcoatings.com\/es\/wp-json\/wp\/v2\/comments?post=4416"}],"version-history":[{"count":0,"href":"https:\/\/ecofinishcoatings.com\/es\/wp-json\/wp\/v2\/pages\/4416\/revisions"}],"wp:attachment":[{"href":"https:\/\/ecofinishcoatings.com\/es\/wp-json\/wp\/v2\/media?parent=4416"}],"curies":[{"name":"wp","href":"https:\/\/api.w.org\/{rel}","templated":true}]}}