{"id":4389,"date":"2022-11-03T15:55:27","date_gmt":"2022-11-03T15:55:27","guid":{"rendered":"https:\/\/ecofinishcoatings.com\/aquabright\/"},"modified":"2025-11-03T15:36:09","modified_gmt":"2025-11-03T15:36:09","slug":"aquabright","status":"publish","type":"page","link":"https:\/\/ecofinishcoatings.com\/es\/aquabright\/","title":{"rendered":"aquaBRIGHT"},"content":{"rendered":"<div id=\"cs-content\" class=\"cs-content\"><\/div>\n","protected":false},"excerpt":{"rendered":"<p>aquaBRIGHT\u2122 Durante d\u00e9cadas, las piscinas se recubr\u00edan con un acabado de pintura blanca sedosa a base de caucho. Adem\u00e1s de la textura suave y el aspecto blanco brillante, este tipo de pintura era conocida por su durabilidad frente a manchas e imperfecciones. A finales de los 80, la normativa gubernamental prohibi\u00f3 algunos de los ingredientes m\u00e1s cruciales que hac\u00edan que &#8230; <\/p>\n<div><a href=\"https:\/\/ecofinishcoatings.com\/es\/aquabright\/\" class=\"more-link\">Read More<\/a><\/div>\n","protected":false},"author":7,"featured_media":0,"parent":0,"menu_order":0,"comment_status":"closed","ping_status":"closed","template":"template-blank-4.php","meta":{"om_disable_all_campaigns":false,"_monsterinsights_skip_tracking":false,"_monsterinsights_sitenote_active":false,"_monsterinsights_sitenote_note":"","_monsterinsights_sitenote_category":0,"_uf_show_specific_survey":0,"_uf_disable_surveys":false,"footnotes":""},"class_list":["post-4389","page","type-page","status-publish","hentry","no-post-thumbnail"],"yoast_head":"<!-- This site is optimized with the Yoast SEO plugin v27.4 - https:\/\/yoast.com\/product\/yoast-seo-wordpress\/ -->\n<title>aquaBRIGHT: Acabado para Piscinas Liso, Resistente y Duradero<\/title>\n<meta name=\"description\" content=\"Inf\u00f3rmate sobre Aquabright: el revestimiento liso, duradero y resistente para piscinas de hormig\u00f3n y yeso. \u00a1Haz que tu piscina destaque!\" \/>\n<meta name=\"robots\" content=\"index, follow, max-snippet:-1, max-image-preview:large, max-video-preview:-1\" \/>\n<link rel=\"canonical\" href=\"https:\/\/ecofinishcoatings.com\/es\/aquabright\/\" \/>\n<meta property=\"og:locale\" content=\"es_ES\" \/>\n<meta property=\"og:type\" content=\"article\" \/>\n<meta property=\"og:title\" content=\"aquaBRIGHT: Acabado para Piscinas Liso, Resistente y Duradero\" \/>\n<meta property=\"og:description\" content=\"Inf\u00f3rmate sobre Aquabright: el revestimiento liso, duradero y resistente para piscinas de hormig\u00f3n y yeso. \u00a1Haz que tu piscina destaque!\" \/>\n<meta property=\"og:url\" content=\"https:\/\/ecofinishcoatings.com\/es\/aquabright\/\" \/>\n<meta property=\"og:site_name\" content=\"ecoFINISH Coatings\" \/>\n<meta property=\"article:modified_time\" content=\"2025-11-03T15:36:09+00:00\" \/>\n<meta name=\"twitter:card\" content=\"summary_large_image\" \/>\n<meta name=\"twitter:label1\" content=\"Tiempo de lectura\" \/>\n\t<meta name=\"twitter:data1\" content=\"13 minutos\" \/>\n<script type=\"application\/ld+json\" class=\"yoast-schema-graph\">{\"@context\":\"https:\\\/\\\/schema.org\",\"@graph\":[{\"@type\":\"WebPage\",\"@id\":\"https:\\\/\\\/ecofinishcoatings.com\\\/es\\\/aquabright\\\/\",\"url\":\"https:\\\/\\\/ecofinishcoatings.com\\\/es\\\/aquabright\\\/\",\"name\":\"aquaBRIGHT: Acabado para Piscinas Liso, Resistente y Duradero\",\"isPartOf\":{\"@id\":\"https:\\\/\\\/ecofinishcoatings.com\\\/es\\\/#website\"},\"datePublished\":\"2022-11-03T15:55:27+00:00\",\"dateModified\":\"2025-11-03T15:36:09+00:00\",\"description\":\"Inf\u00f3rmate sobre Aquabright: el revestimiento liso, duradero y resistente para piscinas de hormig\u00f3n y yeso. \u00a1Haz que tu piscina destaque!\",\"breadcrumb\":{\"@id\":\"https:\\\/\\\/ecofinishcoatings.com\\\/es\\\/aquabright\\\/#breadcrumb\"},\"inLanguage\":\"es\",\"potentialAction\":[{\"@type\":\"ReadAction\",\"target\":[\"https:\\\/\\\/ecofinishcoatings.com\\\/es\\\/aquabright\\\/\"]}]},{\"@type\":\"BreadcrumbList\",\"@id\":\"https:\\\/\\\/ecofinishcoatings.com\\\/es\\\/aquabright\\\/#breadcrumb\",\"itemListElement\":[{\"@type\":\"ListItem\",\"position\":1,\"name\":\"Home\",\"item\":\"https:\\\/\\\/ecofinishcoatings.com\\\/es\\\/inicio\\\/\"},{\"@type\":\"ListItem\",\"position\":2,\"name\":\"aquaBRIGHT\"}]},{\"@type\":\"WebSite\",\"@id\":\"https:\\\/\\\/ecofinishcoatings.com\\\/es\\\/#website\",\"url\":\"https:\\\/\\\/ecofinishcoatings.com\\\/es\\\/\",\"name\":\"ecoFINISH Coatings\",\"description\":\"a new era of coatings\",\"potentialAction\":[{\"@type\":\"SearchAction\",\"target\":{\"@type\":\"EntryPoint\",\"urlTemplate\":\"https:\\\/\\\/ecofinishcoatings.com\\\/es\\\/?s={search_term_string}\"},\"query-input\":{\"@type\":\"PropertyValueSpecification\",\"valueRequired\":true,\"valueName\":\"search_term_string\"}}],\"inLanguage\":\"es\"}]}<\/script>\n<!-- \/ Yoast SEO plugin. -->","yoast_head_json":{"title":"aquaBRIGHT: Acabado para Piscinas Liso, Resistente y Duradero","description":"Inf\u00f3rmate sobre Aquabright: el revestimiento liso, duradero y resistente para piscinas de hormig\u00f3n y yeso. \u00a1Haz que tu piscina destaque!","robots":{"index":"index","follow":"follow","max-snippet":"max-snippet:-1","max-image-preview":"max-image-preview:large","max-video-preview":"max-video-preview:-1"},"canonical":"https:\/\/ecofinishcoatings.com\/es\/aquabright\/","og_locale":"es_ES","og_type":"article","og_title":"aquaBRIGHT: Acabado para Piscinas Liso, Resistente y Duradero","og_description":"Inf\u00f3rmate sobre Aquabright: el revestimiento liso, duradero y resistente para piscinas de hormig\u00f3n y yeso. \u00a1Haz que tu piscina destaque!","og_url":"https:\/\/ecofinishcoatings.com\/es\/aquabright\/","og_site_name":"ecoFINISH Coatings","article_modified_time":"2025-11-03T15:36:09+00:00","twitter_card":"summary_large_image","twitter_misc":{"Tiempo de lectura":"13 minutos"},"schema":{"@context":"https:\/\/schema.org","@graph":[{"@type":"WebPage","@id":"https:\/\/ecofinishcoatings.com\/es\/aquabright\/","url":"https:\/\/ecofinishcoatings.com\/es\/aquabright\/","name":"aquaBRIGHT: Acabado para Piscinas Liso, Resistente y Duradero","isPartOf":{"@id":"https:\/\/ecofinishcoatings.com\/es\/#website"},"datePublished":"2022-11-03T15:55:27+00:00","dateModified":"2025-11-03T15:36:09+00:00","description":"Inf\u00f3rmate sobre Aquabright: el revestimiento liso, duradero y resistente para piscinas de hormig\u00f3n y yeso. \u00a1Haz que tu piscina destaque!","breadcrumb":{"@id":"https:\/\/ecofinishcoatings.com\/es\/aquabright\/#breadcrumb"},"inLanguage":"es","potentialAction":[{"@type":"ReadAction","target":["https:\/\/ecofinishcoatings.com\/es\/aquabright\/"]}]},{"@type":"BreadcrumbList","@id":"https:\/\/ecofinishcoatings.com\/es\/aquabright\/#breadcrumb","itemListElement":[{"@type":"ListItem","position":1,"name":"Home","item":"https:\/\/ecofinishcoatings.com\/es\/inicio\/"},{"@type":"ListItem","position":2,"name":"aquaBRIGHT"}]},{"@type":"WebSite","@id":"https:\/\/ecofinishcoatings.com\/es\/#website","url":"https:\/\/ecofinishcoatings.com\/es\/","name":"ecoFINISH Coatings","description":"a new era of coatings","potentialAction":[{"@type":"SearchAction","target":{"@type":"EntryPoint","urlTemplate":"https:\/\/ecofinishcoatings.com\/es\/?s={search_term_string}"},"query-input":{"@type":"PropertyValueSpecification","valueRequired":true,"valueName":"search_term_string"}}],"inLanguage":"es"}]}},"_links":{"self":[{"href":"https:\/\/ecofinishcoatings.com\/es\/wp-json\/wp\/v2\/pages\/4389","targetHints":{"allow":["GET"]}}],"collection":[{"href":"https:\/\/ecofinishcoatings.com\/es\/wp-json\/wp\/v2\/pages"}],"about":[{"href":"https:\/\/ecofinishcoatings.com\/es\/wp-json\/wp\/v2\/types\/page"}],"author":[{"embeddable":true,"href":"https:\/\/ecofinishcoatings.com\/es\/wp-json\/wp\/v2\/users\/7"}],"replies":[{"embeddable":true,"href":"https:\/\/ecofinishcoatings.com\/es\/wp-json\/wp\/v2\/comments?post=4389"}],"version-history":[{"count":0,"href":"https:\/\/ecofinishcoatings.com\/es\/wp-json\/wp\/v2\/pages\/4389\/revisions"}],"wp:attachment":[{"href":"https:\/\/ecofinishcoatings.com\/es\/wp-json\/wp\/v2\/media?parent=4389"}],"curies":[{"name":"wp","href":"https:\/\/api.w.org\/{rel}","templated":true}]}}